{"id":3,"date":"2021-02-19T13:30:35","date_gmt":"2021-02-19T13:30:35","guid":{"rendered":"https:\/\/box5662\/cgi\/addon_GT.cgi?s=GT::WP::Install::EIG+%28manzoneg%29+-+10.0.87.60+%5BWordpress%3b+\/var\/hp\/common\/lib\/Wordpress.pm%3b+295%3b+Hosting::gap_call%5D\/?page_id=3"},"modified":"2021-10-18T09:21:47","modified_gmt":"2021-10-18T09:21:47","slug":"privacy-policy","status":"publish","type":"page","link":"https:\/\/manzonegiovanni.com\/manzonegiovanni\/it\/privacy-policy\/","title":{"rendered":"Privacy e cookie policy"},"content":{"rendered":"<div class=\"fusion-fullwidth fullwidth-box fusion-builder-row-1 fusion-flex-container nonhundred-percent-fullwidth non-hundred-percent-height-scrolling\" style=\"--awb-border-radius-top-left:0px;--awb-border-radius-top-right:0px;--awb-border-radius-bottom-right:0px;--awb-border-radius-bottom-left:0px;--awb-flex-wrap:wrap;\" ><div class=\"fusion-builder-row fusion-row fusion-flex-align-items-flex-start fusion-flex-content-wrap\" style=\"max-width:1248px;margin-left: calc(-4% \/ 2 );margin-right: calc(-4% \/ 2 );\"><div class=\"fusion-layout-column fusion_builder_column fusion-builder-column-0 fusion_builder_column_1_1 1_1 fusion-flex-column\" style=\"--awb-bg-size:cover;--awb-width-large:100%;--awb-margin-top-large:0px;--awb-spacing-right-large:1.92%;--awb-margin-bottom-large:0px;--awb-spacing-left-large:1.92%;--awb-width-medium:100%;--awb-spacing-right-medium:1.92%;--awb-spacing-left-medium:1.92%;--awb-width-small:100%;--awb-spacing-right-small:1.92%;--awb-spacing-left-small:1.92%;\"><div class=\"fusion-column-wrapper fusion-flex-justify-content-flex-start fusion-content-layout-column\"><div class=\"fusion-text fusion-text-1\"><\/p>\n<p><b>PRIVACY &amp; COOKIE POLICY<\/b><\/p>\n<p>In questa pagina si descrivono le modalit\u00e0 di gestione del sito in riferimento al trattamento dei dati personali degli utenti che lo consultano.<\/p>\n<p>Si tratta di un\u2019informativa che \u00e8 resa anche ai sensi dell\u2019art.13 del Regolamento Europeo (UE) 2016\/679 (nel seguito GDPR) a coloro che interagiscono le pagine del sito Web a partire dall\u2019indirizzo:<\/p>\n<p>https:\/\/www.manzonegiovanni.com<\/p>\n<p>corrispondente alla pagina iniziale del sito ufficiale dell\u2019azienda.<\/p>\n<p>L\u2019informativa \u00e8 resa solo per i siti citati in precedenza e non anche per altri siti web eventualmente consultati dall\u2019utente tramite link a partire da questi.<\/p>\n<p>L\u2019informativa per la raccolta di dati personali on-line, illustra, per un principio di trasparenza, le modalit\u00e0, i tempi e la natura delle informazioni che i titolari del trattamento devono fornire agli utenti quando questi si collegano a pagine web, indipendentemente dagli scopi del collegamento.<\/p>\n<\/p>\n<p><b>TITOLARE DEL TRATTAMENTO <\/b><\/p>\n<p>Il Titolare del trattamento dei dati \u00e8<\/p>\n<p>AZ AGRICOLA GIOVANNI MANZONE<\/p>\n<p>Via Castelletto 9, Monforte d&#8217;Alba (CN)<\/p>\n<\/p>\n<p><b>FINALITA\u2019 DEL TRATTAMENTO DEI DATI RACCOLTI. <\/b><br><\/p>\n<p>I Dati dell\u2019Utente sono raccolti per consentire al Titolare di fornire i propri servizi, cos\u00ec come per le seguenti finalit\u00e0:<\/p>\n<p>\u2022\tMonitoraggio delle visite<\/p>\n<p>\u2022\tRisposta ad informazioni<\/p>\n<p><b>TIPOLOGIE DI DATI.<\/b> Le tipologie di dati personali utilizzati per ciascuna finalit\u00e0 sono indicati nelle sezioni specifiche di questo documento.<\/p>\n<p><b>BASE GIURIDICA.<\/b> Le basi giuridiche del trattamento sono la necessit\u00e0 di dare risposte alle richieste dell\u2019Interessato, di dare all\u2019Interessato I servizi richiesti e l\u2019interesse legittimo del Titolare.<\/p>\n<p><b>NATURA OBBLIGATORIA O FACOLTATIVA DEL CONFERIMENTO DEI DATI.<\/b>  Si informa che, tenuto conto delle finalit\u00e0 del trattamento come sopra illustrate, il conferimento dei dati \u00e8 obbligatorio ed il loro mancato, parziale o inesatto conferimento potr\u00e0 avere, come conseguenza l\u2019impossibilit\u00e0 di fornire risposta alle richieste avanzate o poter usufruire dei servizi.<\/p>\n<p>In caso di conferimento dei dati tramite compilazione di moduli (form) contenenti asterischi:<\/p>\n<p>\u2022\tLa comunicazione dei dati contrassegnati da asterisco \u00e8 necessaria e il mancato conferimento render\u00e0 impossibile al Titolare fornire quanto richiesto o comunque gestire le richieste.<\/p>\n<p>\u2022\tLa comunicazione dei dati privi di asterisco \u00e8 facoltativa: il mancato conferimento permetter\u00e0 comunque di fornire quanto da richiesto.<\/p>\n<p><b>DATI FORNITI VOLONTARIAMENTE DALL\u2019UTENTE.<\/b> L\u2019invio facoltativo, esplicito e volontario di posta elettronica agli indirizzi indicati su questo sito comporta la successiva acquisizione dell\u2019indirizzo del mittente, necessario per rispondere alle richieste, nonch\u00e9 degli eventuali altri dati personali inseriti nella missiva.<\/p>\n<p>I dati inseriti per l\u2019iscrizione al servizio di newsletter attraverso il sito verranno trattati come da relativa  sezione NEWSLETTER.<\/p>\n<p><b>DESTINATARI O CATEGORIE DI DESTINATARI. <\/b>I dati personali saranno trattati dal Titolare del trattamento, e dalle persone da lui strettamente autorizzate.<\/p>\n<p>I dati non saranno oggetto di comunicazione al di fuori della struttura del Titolare<\/p>\n<p><b>DIRITTO DI RECLAMO ALL\u2019AUTORIT\u00c0 DI CONTROLLO. <\/b>Il soggetto interessato ha diritto di presentare reclamo all\u2019Autorit\u00e0 di controllo (Per l\u2019Italia: Garante per la protezione dei dati personali www.garanteprivacy.it).<\/p>\n<p><b>DIRITTI DEGLI INTERESSATI.<\/b> Potranno, in qualunque momento, essere esercitati i diritti di accesso ai dati personali, di rettifica o di cancellazione degli stessi, di limitazione del trattamento, di opposizione, di portabilit\u00e0 di cui agli artt. 15-20 del Regolamento Europeo 679\/2016 attraverso l\u2019invio di una richiesta email all\u2019indirizzo info@manzonegiovanni.com<\/p>\n<p><b>DIRITTO DI OPPOSIZIONE.<\/b> Potr\u00e0, in qualunque momento, essere esercitato il diritto di opposizione, per motivi connessi alla situazione particolare dell\u2019Interessato, al trattamento dei dati personali che lo riguardino, ai sensi dell\u2019art. 6, paragrafo 1, lettere e) o f) GDPR. Per quanto riguarda il trattamento dei dati personali per finalita\u0300 di marketing diretto, l\u2019interessato ha il diritto di opporsi in qualsiasi momento al trattamento dei dati personali che lo riguardano effettuato per tali finalita\u0300, compresa la profilazione nella misura in cui sia connessa a tale marketing diretto attraverso l\u2019invio di una richiesta email info@manzonegiovanni.com<\/p>\n<p><b>DIRITTO DI REVOCA DEL CONSENSO.<\/b> Il soggetto interessato ha diritto di revocare il proprio consenso in qualsiasi momento rivolgendo istanza in tal senso via email all\u2019indirizzo info@manzonegiovanni.com la revoca non pregiudica la liceit\u00e0 del trattamento basata sul consenso prestato prima della revoca stessa.<\/p>\n<p><b>ESISTENZA DI UN PROCESSO DECISIONALE AUTOMATIZZATO.<\/b> Il trattamento non comporta un processo decisionale automatizzato.<\/p>\n<p><b>TRASFERIMENTO DEI DATI IN UN PAESE TERZO O AD UN\u2019ORGANIZZAZIONE INTERNAZIONALE.<\/b> Il Titolare del trattamento non trasferir\u00e0 i dati personali ad un paese terzo o ad una organizzazione internazionale.<\/p>\n<\/p>\n<p><b>TIPI DI DATI TRATTATI.<\/b> La nostra azienda ha preso visione ed applica il Provvedimento dell\u2019Autorit\u00e0 Garante per la Protezione dei dati personali \u201cIndividuazione delle modalit\u00e0 semplificate per l\u2019informativa e l\u2019acquisizione del consenso per l\u2019uso dei cookie\u201d dell\u20198 maggio 2014 \u2013 [doc. web n. 3118884] (Pubblicato sulla Gazzetta Ufficiale n. 126 del 3 giugno 2014).<\/p>\n<p><b>Cosa sono i cookie?<\/b><\/p>\n<p>I cookies sono piccoli file di testo che i siti visitati dall\u2019utente inviano e registrano sul computer o dispositivo mobile di quest\u2019ultimo, per essere poi ritrasmessi agli stessi siti alla successiva visita. Proprio grazie ai cookies il sito ricorda le azioni e preferenze dell\u2019utente (come, ad esempio, i dati di login, la lingua prescelta, le dimensioni dei caratteri, altre impostazioni di visualizzazione, ecc.) in modo che non debbano essere indicate nuovamente quando l\u2019utente torni a visitare il medesimo sito o navighi da una pagina all\u2019altra dello stesso. I cookie, quindi, fondamentalmente sono usati per eseguire autenticazioni informatiche, monitoraggio di sessioni e memorizzazione di informazioni riguardanti le attivit\u00e0 degli utenti che accedono ad un sito e possono contenere anche un codice identificativo unico che consente di tenere traccia della navigazione dell\u2019utente all\u2019interno del sito stesso. Nel corso della navigazione su un sito, l\u2019utente pu\u00f2 ricevere sul suo computer o dispositivo mobile anche cookie di siti o di web server diversi da quello che sta visitando (c.d. cookie di \u201cterze parti\u201d). Alcune operazioni non potrebbero essere compiute senza l\u2019uso dei cookie, che in certi casi sono quindi tecnicamente necessari per lo stesso funzionamento del sito.<\/p>\n<p>Esistono vari tipi di cookie sintetizzabili con il seguente prospetto:<\/p>\n<p>\u2022\tCookie tecnici, cio\u00e8 di navigazione o sessione e strettamente necessari per il funzionamento del sito o per consentire all\u2019utente di usufruire dei contenuti e dei servizi da questi richiesti.<\/p>\n<p>\u2022\tCookie analytics, che consentono di comprendere come il sito viene utilizzato dagli utenti. Con questi cookie non vengono raccolte informazioni sull\u2019identit\u00e0 dell\u2019utente, n\u00e9 alcun dato personale. Le informazioni sono trattate in forma aggregata ed anonima.<\/p>\n<p>\u2022\tCookie di funzionalit\u00e0, cio\u00e8 utilizzati per attivare specifiche funzionalit\u00e0 del sito e una serie di criteri selezionati (ad esempio, la lingua, i prodotti selezionati per l\u2019acquisto) al fine di migliorare il servizio reso.<\/p>\n<p>\u2022\tCookie di terze parti, cio\u00e8 cookie di siti o di web server diversi da quello che ospita questo sito, utilizzati per finalit\u00e0 proprie di dette parti terze.<\/p>\n<p>\u2022\tCookie di profilazione, anche di terze parti, cio\u00e8 cookie volti a creare profili relativi all\u2019utente e utilizzati al fine di inviare messaggi pubblicitari in linea con le preferenze manifestate dallo stesso nell\u2019ambito della sua navigazione in rete.<\/p>\n<\/p>\n<p><b>AZIONI SUI COOKIE<\/b><\/p>\n<p>In ogni caso l\u2019utente pu\u00f2 utilizzare funzionalit\u00e0 proprie di ogni browser di navigazione per  autorizzare, bloccare o cancellare (in tutto o in parte) i cookie; nell\u2019ipotesi in cui tutti o alcuni dei cookie vengano disabilitati \u00e8 possibile che il sito risulti non consultabile o che alcuni servizi o determinate funzioni del sito non siano disponibili o non funzionino correttamente e\/o l\u2019utente potrebbe essere costretto a modificare o a inserire manualmente alcune informazioni o preferenze ogni volta che visiter\u00e0 il sito.  Per avere maggiori informazioni su come impostare le preferenze sull\u2019uso dei cookie attraverso il proprio browser di navigazione, \u00e8 possibile consultare le relative istruzioni:<\/p>\n<p><a href=\"http:\/\/windows.microsoft.com\/it-it\/windows-vista\/block-or-allow-cookies\" target=\"_blank\" rel=\"noopener noreferrer\">\u2022\tInternet Explorer<\/a><\/p>\n<p><a href=\"https:\/\/support.mozilla.org\/it\/kb\/Attivare%20e%20disattivare%20i%20cookie\" target=\"_blank\" rel=\"noopener noreferrer\">\u2022\tFirefox<\/a><\/p>\n<p><a href=\"https:\/\/support.google.com\/chrome\/answer\/95647?hl=it&amp;topic=14666&amp;ctx=topic\" target=\"_blank\" rel=\"noopener noreferrer\">\u2022\tChrome<\/a><\/p>\n<p><a target=\"_blank\" rel=\"noopener noreferrer\" href=\"http:\/\/www.opera.com\/help\/tutorials\/security\/cookies\/\">\u2022\tOpera<\/a><\/p>\n<p><a target=\"_blank\" rel=\"noopener noreferrer\" href=\"http:\/\/support.apple.com\/kb\/PH17191?viewlocale=it_IT\">\u2022\tSafari<\/a><\/p>\n<\/p>\n<p><b>DETTAGLIO SUL TRATTAMENTO DEI DATI RACCOLTI<\/b><\/p>\n<p>I dati personali sono raccolti per le seguenti finalit\u00e0 ed utilizzando i seguenti servizi:<\/p>\n<\/p>\n<p>Statistica \u2013 Monitoraggio e analisi dei dati di traffico e servono a tener traccia del comportamento dell\u2019Utente.<\/p>\n<p>Google Analytics (Google Inc.)<\/p>\n<p>Google Analytics \u00e8 un servizio di analisi web fornito da Google Inc. (\u201cGoogle\u201d). Google utilizza i Dati Personali raccolti allo scopo di tracciare ed esaminare l\u2019utilizzo di questa Applicazione, compilare report e condividerli con gli altri servizi sviluppati da Google.<\/p>\n<p>Google potrebbe utilizzare i Dati Personali per contestualizzare e personalizzare gli annunci del proprio network pubblicitario.<\/p>\n<p>Dati Personali raccolti: Cookie e Dati di Utilizzo<\/p>\n<p>Privacy Policy (https:\/\/www.google.com\/intl\/it_it\/analytics\/learn\/privacy.html) &amp; Term of Service (https:\/\/www.google.com\/analytics\/terms\/us.html)<\/p>\n<\/p>\n<p><b>CONTATTI E NEWSLETTER<\/b><\/p>\n<p>Informativa resa ai sensi dell\u2019art.13 del Regolamento Europeo 679\/2016 (GDPR \u2013 General Data Protection Regulation) relativa al seguente trattamento di dati personali<\/p>\n<p><b>TITOLARE DEL TRATTAMENTO.<\/b> Il Titolare del trattamento dei dati \u00e8 \u00e8<\/p>\n<p>AZ AGRICOLA GIOVANNI MANZONE<\/p>\n<p>Via Castelletto 9, Monforte d&#8217;Alba (CN) <\/p>\n<p><b>DESCRIZIONE DEL TRATTAMENTO.<\/b> Attivit\u00e0 di promozione e marketing mediante l\u2019utilizzo di Newsletter e attivit\u00e0 di produzione offerte per clienti e prospect.<\/p>\n<p><b>FINALIT\u00c0 E BASE GIURIDICA E DURATA.<\/b> Si evidenzia che il trattamento si svolger\u00e0 come segue:<\/p>\n<p><b>FINALITA\u2019<\/b><\/p>\n<p>Iscrizione alle newsletter informative<\/p>\n<p><b>BASE GIURIDICA<\/b><\/p>\n<p>(art.6 1.b Reg. Europeo 2016\/679)<\/p>\n<p>Fornitura di un servizio su richiesta dell\u2019interessato (Esecuzione di un contratto o di attivit\u00e0 precontrattuali.)<\/p>\n<p><b>PERIODO O CRITERI DI CONSERVAZIONE<\/b><\/p>\n<p>Fino alla richiesta di disiscrizione dalla newsletter<\/p>\n<p><b>FINALITA\u2019<\/b><\/p>\n<p>Marketing e promozione commerciale (presentazione nuove offerte o lancio di nuovi prodotti e servizi)<\/p>\n<p><b>BASE GIURIDICA<\/b><\/p>\n<p>(art.6 1.a Reg. Europeo 2016\/679)<\/p>\n<p>Consenso<\/p>\n<p><b>PERIODO O CRITERI DI CONSERVAZION<\/b><\/p>\n<p>Fino alla richiesta di disiscrizione dalla newsletter<\/p>\n<p><b>FINALITA\u2019<\/b><\/p>\n<p>Risposta ad informazioni e invio preventivi<\/p>\n<p><b>BASE GIURIDICA<\/b><\/p>\n<p>(art.6 1.b Reg. Europeo 679\/2016)<\/p>\n<p>Esecuzione di un contratto o di attivit\u00e0 precontrattuali<\/p>\n<p><b>PERIODO O CRITERI DI CONSERVAZIONE<\/b><\/p>\n<p>Per un arco di tempo non superiore a 24 mesi dall\u2019ultimo contatto<\/p>\n<\/p>\n<p>Tale trattamento sar\u00e0 sempre improntato ai principi di correttezza, liceit\u00e0, trasparenza e di tutela della riservatezza e dei diritti dei soggetti interessati.<\/p>\n<p><b>NATURA OBBLIGATORIA O FACOLTATIVA DEL CONFERIMENTO DEI DATI.<\/b>  Si informa che, tenuto conto delle finalit\u00e0 del trattamento come sopra illustrate:<\/p>\n<p>\u2022\tLa comunicazione dei dati contrassegnati da asterisco \u00e8 necessaria e il mancato conferimento render\u00e0 impossibile al Titolare fornire quanto richiesto o comunque gestire le richieste.<\/p>\n<p>\u2022\tLa comunicazione dei dati privi di asterisco \u00e8 facoltativa: il mancato conferimento permetter\u00e0 comunque di fornire quanto da richiesto.<\/p>\n<p><b>DESTINATARI O CATEGORIE DI DESTINATARI.<\/b> I dati personali saranno trattati dal Titolare del trattamento, e dalle persone da lui strettamente autorizzate.<\/p>\n<p>I dati non saranno oggetto di comunicazione al di fuori della struttura del Titolare.<\/p>\n<p><b>DIRITTO DI RECLAMO ALL\u2019AUTORIT\u00c0 DI CONTROLLO.<\/b> Il soggetto interessato ha diritto di presentare reclamo all\u2019Autorit\u00e0 di controllo (Per l\u2019Italia: Garante per la protezione dei dati personali www.garanteprivacy.it).<\/p>\n<p><b>DIRITTI DEGLI INTERESSATI.<\/b> Potranno, in qualunque momento, essere esercitati i diritti di accesso ai dati personali, di rettifica o di cancellazione degli stessi, di limitazione del trattamento, di opposizione, di portabilit\u00e0 di cui agli artt. 15-20 del Regolamento Europeo 679\/2016 attraverso l\u2019invio di una richiesta email all\u2019indirizzo info@manzonegiovanni.com<\/p>\n<p>L\u2019esercizio dei diritti dell\u2019interessato potrebbe essere ritardato, limitato o escluso nei casi previsti dall\u2019art. 2-undecies D.Lgs. 196\/03<\/p>\n<p><b>DIRITTO DI OPPOSIZIONE.<\/b> Potr\u00e0, in qualunque momento, essere esercitato il diritto di opposizione, per motivi connessi alla situazione particolare dell\u2019Interessato, al trattamento dei dati personali che lo riguardino, ai sensi dell\u2019art. 6, paragrafo 1, lettere e) o f) GDPR. Per quanto riguarda il trattamento dei dati personali per finalita\u0300 di marketing diretto, l\u2019interessato ha il diritto di opporsi in qualsiasi momento al trattamento dei dati personali che lo riguardano effettuato per tali finalita\u0300, compresa la profilazione nella misura in cui sia connessa a tale marketing diretto attraverso l\u2019invio di una richiesta email info@manzonegiovanni.com<\/p>\n<p><b>DIRITTO DI REVOCA DEL CONSENSO. <\/b>Il soggetto interessato ha diritto di revocare il proprio consenso in qualsiasi momento rivolgendo istanza in tal senso via email all\u2019indirizzo info@manzonegiovanni.com; la revoca non pregiudica la liceit\u00e0 del trattamento basata sul consenso prestato prima della revoca stessa.<\/p>\n<p><b>ESISTENZA DI UN PROCESSO DECISIONALE AUTOMATIZZATO.<\/b> Il trattamento non comporta un processo decisionale automatizzato.<\/p>\n<p><b>TRASFERIMENTO DEI DATI IN UN PAESE TERZO O AD UN\u2019ORGANIZZAZIONE INTERNAZIONALE.<\/b> Il Titolare del trattamento non trasferir\u00e0 i dati personali ad un paese terzo o ad una organizzazione internazionale.<\/p>\n<p>Data ultimo aggiornamento: 18\/10\/2021<\/p><\/p>\n<\/div><\/div><\/div><\/div><\/div>","protected":false},"excerpt":{"rendered":"","protected":false},"author":1,"featured_media":0,"parent":0,"menu_order":0,"comment_status":"closed","ping_status":"open","template":"","meta":{"footnotes":""},"class_list":["post-3","page","type-page","status-publish","hentry"],"yoast_head":"<!-- This site is optimized with the Yoast SEO plugin v27.4 - https:\/\/yoast.com\/product\/yoast-seo-wordpress\/ -->\n<title>Privacy e cookie policy - Azienda Agricola Manzone Giovanni - Monforte d&#039;Alba<\/title>\n<meta name=\"robots\" content=\"index, follow, max-snippet:-1, max-image-preview:large, max-video-preview:-1\" \/>\n<link rel=\"canonical\" href=\"https:\/\/manzonegiovanni.com\/manzonegiovanni\/it\/privacy-policy\/\" \/>\n<meta property=\"og:locale\" content=\"it_IT\" \/>\n<meta property=\"og:type\" content=\"article\" \/>\n<meta property=\"og:title\" content=\"Privacy e cookie policy - Azienda Agricola Manzone Giovanni - Monforte d&#039;Alba\" \/>\n<meta property=\"og:url\" content=\"https:\/\/manzonegiovanni.com\/manzonegiovanni\/it\/privacy-policy\/\" \/>\n<meta property=\"og:site_name\" content=\"Azienda Agricola Manzone Giovanni - Monforte d&#039;Alba\" \/>\n<meta property=\"article:publisher\" content=\"https:\/\/www.facebook.com\/giovanni.manzonewines\" \/>\n<meta property=\"article:modified_time\" content=\"2021-10-18T09:21:47+00:00\" \/>\n<meta name=\"twitter:card\" content=\"summary_large_image\" \/>\n<meta name=\"twitter:label1\" content=\"Tempo di lettura stimato\" \/>\n\t<meta name=\"twitter:data1\" content=\"11 minuti\" \/>\n<script type=\"application\/ld+json\" class=\"yoast-schema-graph\">{\"@context\":\"https:\\\/\\\/schema.org\",\"@graph\":[{\"@type\":\"WebPage\",\"@id\":\"https:\\\/\\\/manzonegiovanni.com\\\/manzonegiovanni\\\/it\\\/privacy-policy\\\/\",\"url\":\"https:\\\/\\\/manzonegiovanni.com\\\/manzonegiovanni\\\/it\\\/privacy-policy\\\/\",\"name\":\"Privacy e cookie policy - Azienda Agricola Manzone Giovanni - Monforte d&#039;Alba\",\"isPartOf\":{\"@id\":\"https:\\\/\\\/manzonegiovanni.com\\\/manzonegiovanni\\\/#website\"},\"datePublished\":\"2021-02-19T13:30:35+00:00\",\"dateModified\":\"2021-10-18T09:21:47+00:00\",\"breadcrumb\":{\"@id\":\"https:\\\/\\\/manzonegiovanni.com\\\/manzonegiovanni\\\/it\\\/privacy-policy\\\/#breadcrumb\"},\"inLanguage\":\"it-IT\",\"potentialAction\":[{\"@type\":\"ReadAction\",\"target\":[\"https:\\\/\\\/manzonegiovanni.com\\\/manzonegiovanni\\\/it\\\/privacy-policy\\\/\"]}]},{\"@type\":\"BreadcrumbList\",\"@id\":\"https:\\\/\\\/manzonegiovanni.com\\\/manzonegiovanni\\\/it\\\/privacy-policy\\\/#breadcrumb\",\"itemListElement\":[{\"@type\":\"ListItem\",\"position\":1,\"name\":\"Home\",\"item\":\"https:\\\/\\\/manzonegiovanni.com\\\/manzonegiovanni\\\/it\\\/home-page\\\/\"},{\"@type\":\"ListItem\",\"position\":2,\"name\":\"Privacy e cookie policy\"}]},{\"@type\":\"WebSite\",\"@id\":\"https:\\\/\\\/manzonegiovanni.com\\\/manzonegiovanni\\\/#website\",\"url\":\"https:\\\/\\\/manzonegiovanni.com\\\/manzonegiovanni\\\/\",\"name\":\"Azienda Agricola Manzone Giovanni - Monforte d'Alba\",\"description\":\"\",\"publisher\":{\"@id\":\"https:\\\/\\\/manzonegiovanni.com\\\/manzonegiovanni\\\/#organization\"},\"potentialAction\":[{\"@type\":\"SearchAction\",\"target\":{\"@type\":\"EntryPoint\",\"urlTemplate\":\"https:\\\/\\\/manzonegiovanni.com\\\/manzonegiovanni\\\/?s={search_term_string}\"},\"query-input\":{\"@type\":\"PropertyValueSpecification\",\"valueRequired\":true,\"valueName\":\"search_term_string\"}}],\"inLanguage\":\"it-IT\"},{\"@type\":\"Organization\",\"@id\":\"https:\\\/\\\/manzonegiovanni.com\\\/manzonegiovanni\\\/#organization\",\"name\":\"AZIENDA AGRICOLA MANZONE GIOVANNI\",\"url\":\"https:\\\/\\\/manzonegiovanni.com\\\/manzonegiovanni\\\/\",\"logo\":{\"@type\":\"ImageObject\",\"inLanguage\":\"it-IT\",\"@id\":\"https:\\\/\\\/manzonegiovanni.com\\\/manzonegiovanni\\\/#\\\/schema\\\/logo\\\/image\\\/\",\"url\":\"https:\\\/\\\/manzonegiovanni.com\\\/manzonegiovanni\\\/wp-content\\\/uploads\\\/2021\\\/05\\\/logo-Manzone-chiaro_retina.png\",\"contentUrl\":\"https:\\\/\\\/manzonegiovanni.com\\\/manzonegiovanni\\\/wp-content\\\/uploads\\\/2021\\\/05\\\/logo-Manzone-chiaro_retina.png\",\"width\":547,\"height\":250,\"caption\":\"AZIENDA AGRICOLA MANZONE GIOVANNI\"},\"image\":{\"@id\":\"https:\\\/\\\/manzonegiovanni.com\\\/manzonegiovanni\\\/#\\\/schema\\\/logo\\\/image\\\/\"},\"sameAs\":[\"https:\\\/\\\/www.facebook.com\\\/giovanni.manzonewines\",\"https:\\\/\\\/www.instagram.com\\\/barolomanzone\",\"https:\\\/\\\/it.linkedin.com\\\/in\\\/gmanzone\",\"https:\\\/\\\/www.youtube.com\\\/channel\\\/UC0RMX7F0WHfxi0MkXVuby6g\"]}]}<\/script>\n<!-- \/ Yoast SEO plugin. -->","yoast_head_json":{"title":"Privacy e cookie policy - Azienda Agricola Manzone Giovanni - Monforte d&#039;Alba","robots":{"index":"index","follow":"follow","max-snippet":"max-snippet:-1","max-image-preview":"max-image-preview:large","max-video-preview":"max-video-preview:-1"},"canonical":"https:\/\/manzonegiovanni.com\/manzonegiovanni\/it\/privacy-policy\/","og_locale":"it_IT","og_type":"article","og_title":"Privacy e cookie policy - Azienda Agricola Manzone Giovanni - Monforte d&#039;Alba","og_url":"https:\/\/manzonegiovanni.com\/manzonegiovanni\/it\/privacy-policy\/","og_site_name":"Azienda Agricola Manzone Giovanni - Monforte d&#039;Alba","article_publisher":"https:\/\/www.facebook.com\/giovanni.manzonewines","article_modified_time":"2021-10-18T09:21:47+00:00","twitter_card":"summary_large_image","twitter_misc":{"Tempo di lettura stimato":"11 minuti"},"schema":{"@context":"https:\/\/schema.org","@graph":[{"@type":"WebPage","@id":"https:\/\/manzonegiovanni.com\/manzonegiovanni\/it\/privacy-policy\/","url":"https:\/\/manzonegiovanni.com\/manzonegiovanni\/it\/privacy-policy\/","name":"Privacy e cookie policy - Azienda Agricola Manzone Giovanni - Monforte d&#039;Alba","isPartOf":{"@id":"https:\/\/manzonegiovanni.com\/manzonegiovanni\/#website"},"datePublished":"2021-02-19T13:30:35+00:00","dateModified":"2021-10-18T09:21:47+00:00","breadcrumb":{"@id":"https:\/\/manzonegiovanni.com\/manzonegiovanni\/it\/privacy-policy\/#breadcrumb"},"inLanguage":"it-IT","potentialAction":[{"@type":"ReadAction","target":["https:\/\/manzonegiovanni.com\/manzonegiovanni\/it\/privacy-policy\/"]}]},{"@type":"BreadcrumbList","@id":"https:\/\/manzonegiovanni.com\/manzonegiovanni\/it\/privacy-policy\/#breadcrumb","itemListElement":[{"@type":"ListItem","position":1,"name":"Home","item":"https:\/\/manzonegiovanni.com\/manzonegiovanni\/it\/home-page\/"},{"@type":"ListItem","position":2,"name":"Privacy e cookie policy"}]},{"@type":"WebSite","@id":"https:\/\/manzonegiovanni.com\/manzonegiovanni\/#website","url":"https:\/\/manzonegiovanni.com\/manzonegiovanni\/","name":"Azienda Agricola Manzone Giovanni - Monforte d'Alba","description":"","publisher":{"@id":"https:\/\/manzonegiovanni.com\/manzonegiovanni\/#organization"},"potentialAction":[{"@type":"SearchAction","target":{"@type":"EntryPoint","urlTemplate":"https:\/\/manzonegiovanni.com\/manzonegiovanni\/?s={search_term_string}"},"query-input":{"@type":"PropertyValueSpecification","valueRequired":true,"valueName":"search_term_string"}}],"inLanguage":"it-IT"},{"@type":"Organization","@id":"https:\/\/manzonegiovanni.com\/manzonegiovanni\/#organization","name":"AZIENDA AGRICOLA MANZONE GIOVANNI","url":"https:\/\/manzonegiovanni.com\/manzonegiovanni\/","logo":{"@type":"ImageObject","inLanguage":"it-IT","@id":"https:\/\/manzonegiovanni.com\/manzonegiovanni\/#\/schema\/logo\/image\/","url":"https:\/\/manzonegiovanni.com\/manzonegiovanni\/wp-content\/uploads\/2021\/05\/logo-Manzone-chiaro_retina.png","contentUrl":"https:\/\/manzonegiovanni.com\/manzonegiovanni\/wp-content\/uploads\/2021\/05\/logo-Manzone-chiaro_retina.png","width":547,"height":250,"caption":"AZIENDA AGRICOLA MANZONE GIOVANNI"},"image":{"@id":"https:\/\/manzonegiovanni.com\/manzonegiovanni\/#\/schema\/logo\/image\/"},"sameAs":["https:\/\/www.facebook.com\/giovanni.manzonewines","https:\/\/www.instagram.com\/barolomanzone","https:\/\/it.linkedin.com\/in\/gmanzone","https:\/\/www.youtube.com\/channel\/UC0RMX7F0WHfxi0MkXVuby6g"]}]}},"_links":{"self":[{"href":"https:\/\/manzonegiovanni.com\/manzonegiovanni\/wp-json\/wp\/v2\/pages\/3","targetHints":{"allow":["GET"]}}],"collection":[{"href":"https:\/\/manzonegiovanni.com\/manzonegiovanni\/wp-json\/wp\/v2\/pages"}],"about":[{"href":"https:\/\/manzonegiovanni.com\/manzonegiovanni\/wp-json\/wp\/v2\/types\/page"}],"author":[{"embeddable":true,"href":"https:\/\/manzonegiovanni.com\/manzonegiovanni\/wp-json\/wp\/v2\/users\/1"}],"replies":[{"embeddable":true,"href":"https:\/\/manzonegiovanni.com\/manzonegiovanni\/wp-json\/wp\/v2\/comments?post=3"}],"version-history":[{"count":3,"href":"https:\/\/manzonegiovanni.com\/manzonegiovanni\/wp-json\/wp\/v2\/pages\/3\/revisions"}],"predecessor-version":[{"id":4004,"href":"https:\/\/manzonegiovanni.com\/manzonegiovanni\/wp-json\/wp\/v2\/pages\/3\/revisions\/4004"}],"wp:attachment":[{"href":"https:\/\/manzonegiovanni.com\/manzonegiovanni\/wp-json\/wp\/v2\/media?parent=3"}],"curies":[{"name":"wp","href":"https:\/\/api.w.org\/{rel}","templated":true}]}}